{"id":100,"date":"2018-12-22T02:37:16","date_gmt":"2018-12-21T23:37:16","guid":{"rendered":"https:\/\/birtema.net\/birmedya\/?page_id=100"},"modified":"2026-04-14T15:16:59","modified_gmt":"2026-04-14T15:16:59","slug":"iletisim","status":"publish","type":"page","link":"https:\/\/www.sosyalox.com\/blog\/iletisim\/","title":{"rendered":"\u0130leti\u015fim"},"content":{"rendered":"<div class=\"left\">\n<h1>BEN\u0130M<\/h1>\n<h2>MESAJIM VAR<\/h2>\n<p>Bize iletmek istedi\u011finiz mesaj\u0131n\u0131z\u0131 yan tarafta bulunan form arac\u0131l\u0131\u011f\u0131 ile g\u00f6nderebilirsiniz. Fikirlerinizin bizim i\u00e7in \u00f6nemli oldu\u011funu unutmay\u0131n !<\/p>\n<\/div>\n<div class=\"right\">\n<div class=\"wpcf7 no-js\" id=\"wpcf7-f1120-o1\" lang=\"tr-TR\" dir=\"ltr\" data-wpcf7-id=\"1120\">\n<div class=\"screen-reader-response\"><p role=\"status\" aria-live=\"polite\" aria-atomic=\"true\"><\/p> <ul><\/ul><\/div>\n<form action=\"\/blog\/wp-json\/wp\/v2\/pages\/100#wpcf7-f1120-o1\" method=\"post\" class=\"wpcf7-form init\" aria-label=\"\u0130leti\u015fim Formu\" novalidate=\"novalidate\" data-status=\"init\">\n<fieldset class=\"hidden-fields-container\"><input type=\"hidden\" name=\"_wpcf7\" value=\"1120\" \/><input type=\"hidden\" name=\"_wpcf7_version\" value=\"6.1.5\" \/><input type=\"hidden\" name=\"_wpcf7_locale\" value=\"tr_TR\" \/><input type=\"hidden\" name=\"_wpcf7_unit_tag\" value=\"wpcf7-f1120-o1\" \/><input type=\"hidden\" name=\"_wpcf7_container_post\" value=\"0\" \/><input type=\"hidden\" name=\"_wpcf7_posted_data_hash\" value=\"\" \/>\n<\/fieldset>\n<ul>\n\t<li>\n\t\t<p><span class=\"wpcf7-form-control-wrap\" data-name=\"your-name\"><input size=\"40\" maxlength=\"400\" class=\"wpcf7-form-control wpcf7-text wpcf7-validates-as-required text\" aria-required=\"true\" aria-invalid=\"false\" placeholder=\"Ad\u0131n\u0131z\" value=\"\" type=\"text\" name=\"your-name\" \/><\/span>\n\t\t<\/p>\n\t<\/li>\n\t<li>\n\t\t<p><span class=\"wpcf7-form-control-wrap\" data-name=\"your-email\"><input size=\"40\" maxlength=\"400\" class=\"wpcf7-form-control wpcf7-text wpcf7-validates-as-required text\" aria-required=\"true\" aria-invalid=\"false\" placeholder=\"E-mail Adresiniz\" value=\"\" type=\"text\" name=\"your-email\" \/><\/span>\n\t\t<\/p>\n\t<\/li>\n\t<li>\n\t\t<p><span class=\"wpcf7-form-control-wrap\" data-name=\"selectmessage\"><select class=\"wpcf7-form-control wpcf7-select\" aria-invalid=\"false\" name=\"selectmessage\"><option value=\"Mesaj Konusu\">Mesaj Konusu<\/option><option value=\"Reklam\">Reklam<\/option><option value=\"Tan\u0131t\u0131m Yaz\u0131s\u0131\">Tan\u0131t\u0131m Yaz\u0131s\u0131<\/option><option value=\"Edit\u00f6rl\u00fck\">Edit\u00f6rl\u00fck<\/option><\/select><\/span>\n\t\t<\/p>\n\t<\/li>\n\t<li>\n\t\t<p><span class=\"wpcf7-form-control-wrap\" data-name=\"your-message\"><textarea cols=\"40\" rows=\"10\" maxlength=\"2000\" class=\"wpcf7-form-control wpcf7-textarea\" aria-invalid=\"false\" placeholder=\"Mesaj\u0131n\u0131z\" name=\"your-message\"><\/textarea><\/span>\n\t\t<\/p>\n\t<\/li>\n\t<li>\n\t\t<p><input class=\"wpcf7-form-control wpcf7-submit has-spinner submit bg\" type=\"submit\" value=\"Mesaj\u0131 G\u00f6nder\" \/>\n\t\t<\/p>\n\t<\/li>\n<\/ul><div class=\"wpcf7-response-output\" aria-hidden=\"true\"><\/div>\n<\/form>\n<\/div>\n<\/div>\n","protected":false},"excerpt":{"rendered":"<p>\t\t\t\t<![CDATA[]]>\t\t<\/p>\n","protected":false},"author":1,"featured_media":0,"parent":0,"menu_order":0,"comment_status":"closed","ping_status":"closed","template":"iletisim.php","meta":{"footnotes":""},"class_list":["post-100","page","type-page","status-publish","hentry"],"_links":{"self":[{"href":"https:\/\/www.sosyalox.com\/blog\/wp-json\/wp\/v2\/pages\/100","targetHints":{"allow":["GET"]}}],"collection":[{"href":"https:\/\/www.sosyalox.com\/blog\/wp-json\/wp\/v2\/pages"}],"about":[{"href":"https:\/\/www.sosyalox.com\/blog\/wp-json\/wp\/v2\/types\/page"}],"author":[{"embeddable":true,"href":"https:\/\/www.sosyalox.com\/blog\/wp-json\/wp\/v2\/users\/1"}],"replies":[{"embeddable":true,"href":"https:\/\/www.sosyalox.com\/blog\/wp-json\/wp\/v2\/comments?post=100"}],"version-history":[{"count":0,"href":"https:\/\/www.sosyalox.com\/blog\/wp-json\/wp\/v2\/pages\/100\/revisions"}],"wp:attachment":[{"href":"https:\/\/www.sosyalox.com\/blog\/wp-json\/wp\/v2\/media?parent=100"}],"curies":[{"name":"wp","href":"https:\/\/api.w.org\/{rel}","templated":true}]}}